{"id":11,"date":"2023-10-19T21:36:47","date_gmt":"2023-10-19T19:36:47","guid":{"rendered":"https:\/\/www.lime-innovation.fr\/?page_id=11"},"modified":"2025-02-24T19:49:14","modified_gmt":"2025-02-24T18:49:14","slug":"accueil","status":"publish","type":"page","link":"https:\/\/www.lime-innovation.fr\/","title":{"rendered":"accueil"},"content":{"rendered":"\t\t<div data-elementor-type=\"wp-page\" data-elementor-id=\"11\" class=\"elementor elementor-11\">\n\t\t\t\t<div class=\"elementor-element elementor-element-a9e8c50 e-flex e-con-boxed e-con e-parent\" data-id=\"a9e8c50\" data-element_type=\"container\" data-e-type=\"container\">\n\t\t\t\t\t<div class=\"e-con-inner\">\n\t\t\t\t<div class=\"elementor-element elementor-element-9623c30 elementor-widget elementor-widget-text-editor\" data-id=\"9623c30\" data-element_type=\"widget\" data-e-type=\"widget\" data-widget_type=\"text-editor.default\">\n\t\t\t\t<div class=\"elementor-widget-container\">\n\t\t\t\t\t\t\t\t\t<h1>\u00a0<\/h1>\n<h1 style=\"color: #121212;\">L&rsquo;INNOVATION, <br \/>MODE D&rsquo;EMPLOI&#8230;<\/h1>\n<p><!-- \/wp:heading --><!-- wp:paragraph {\"align\":\"center\",\"style\":{\"color\":{\"text\":\"#121212\"},\"typography\":{\"fontSize\":\"17px\"}}} --><\/p>\n<p style=\"color: #121212; font-size: 17px;\">Conseil de direction, \u00e9laboration et mise en oeuvre de votre strat\u00e9gie d&rsquo;innovation\u00a0<br \/>id\u00e9es, organisation, marketing, innovation<\/p>\n<p style=\"color: #121212; font-size: 17px;\">\u00a0<\/p>\t\t\t\t\t\t\t\t<\/div>\n\t\t\t\t<\/div>\n\t\t\t\t\t<\/div>\n\t\t\t\t<\/div>\n\t\t<div class=\"elementor-element elementor-element-02543f4 e-flex e-con-boxed e-con e-parent\" data-id=\"02543f4\" data-element_type=\"container\" data-e-type=\"container\">\n\t\t\t\t\t<div class=\"e-con-inner\">\n\t\t<div class=\"elementor-element elementor-element-a57fc1f e-con-full e-flex e-con e-child\" data-id=\"a57fc1f\" data-element_type=\"container\" data-e-type=\"container\">\n\t\t\t\t<div class=\"elementor-element elementor-element-36014e2 elementor-widget elementor-widget-text-editor\" data-id=\"36014e2\" data-element_type=\"widget\" data-e-type=\"widget\" data-widget_type=\"text-editor.default\">\n\t\t\t\t<div class=\"elementor-widget-container\">\n\t\t\t\t\t\t\t\t\t<p>Le marketing et l&rsquo;innovation ont \u00e9t\u00e9 accus\u00e9s d\u2019avoir favoris\u00e9 la surconsommation et le gaspillage des ressources en se centrant sur les d\u00e9sirs \u00e9ph\u00e9m\u00e8res des consommateurs du XX\u00e8me si\u00e8cle\u2026&nbsp;<\/p>\n<p>Nous d\u00e9fendons depuis plus de vingt ans une autre vision du marketing et de l&rsquo;innovation avec l\u2019indispensable prise en compte des enjeux environnementaux et soci\u00e9taux &nbsp;<span style=\"font-family: var( --e-global-typography-text-font-family ), Sans-serif; text-align: var(--text-align); font-size: var(--bodyfontsize); letter-spacing: var(--bodyletterspacing); text-transform: var(--bodytexttransform);\">#progres #ethique #durable<\/span><\/p>\n<p><span style=\"text-align: var(--text-align);\">Ensemble d\u00e9veloppons de nouveaux business models plus circulaires, des strat\u00e9gies valorisant l&rsquo;intelligence collective, travaillons vos road maps&#8230; &nbsp; &nbsp;&nbsp;<\/span>Prenons rendez-vous en un clic :&nbsp;<\/p>\t\t\t\t\t\t\t\t<\/div>\n\t\t\t\t<\/div>\n\t\t\t\t<\/div>\n\t\t<div class=\"elementor-element elementor-element-26ff09d e-con-full e-flex e-con e-child\" data-id=\"26ff09d\" data-element_type=\"container\" data-e-type=\"container\">\n\t\t\t\t<div class=\"elementor-element elementor-element-1d88bfc elementor-button-success elementor-widget elementor-widget-button\" data-id=\"1d88bfc\" data-element_type=\"widget\" data-e-type=\"widget\" data-widget_type=\"button.default\">\n\t\t\t\t<div class=\"elementor-widget-container\">\n\t\t\t\t\t\t\t\t\t<div class=\"elementor-button-wrapper\">\n\t\t\t\t\t<a class=\"elementor-button elementor-button-link elementor-size-sm\" href=\"https:\/\/calendar.app.google\/LtfDAkzBPRtVNwkVA\">\n\t\t\t\t\t\t<span class=\"elementor-button-content-wrapper\">\n\t\t\t\t\t\t\t\t\t<span class=\"elementor-button-text\">oui, c'est ici !<\/span>\n\t\t\t\t\t<\/span>\n\t\t\t\t\t<\/a>\n\t\t\t\t<\/div>\n\t\t\t\t\t\t\t\t<\/div>\n\t\t\t\t<\/div>\n\t\t\t\t<\/div>\n\t\t\t\t\t<\/div>\n\t\t\t\t<\/div>\n\t\t<div class=\"elementor-element elementor-element-fd9e97b e-flex e-con-boxed e-con e-parent\" data-id=\"fd9e97b\" data-element_type=\"container\" data-e-type=\"container\">\n\t\t\t\t\t<div class=\"e-con-inner\">\n\t\t<div class=\"elementor-element elementor-element-f41e849 e-con-full e-flex e-con e-child\" data-id=\"f41e849\" data-element_type=\"container\" data-e-type=\"container\">\n\t\t\t\t<\/div>\n\t\t\t\t\t<\/div>\n\t\t\t\t<\/div>\n\t\t<div class=\"elementor-element elementor-element-0d19051 e-flex e-con-boxed e-con e-parent\" data-id=\"0d19051\" data-element_type=\"container\" data-e-type=\"container\">\n\t\t\t\t\t<div class=\"e-con-inner\">\n\t\t<div class=\"elementor-element elementor-element-6a9a530 e-con-full e-flex e-con e-child\" data-id=\"6a9a530\" data-element_type=\"container\" data-e-type=\"container\">\n\t\t\t\t<div class=\"elementor-element elementor-element-e149a75 elementor-widget elementor-widget-text-editor\" data-id=\"e149a75\" data-element_type=\"widget\" data-e-type=\"widget\" data-widget_type=\"text-editor.default\">\n\t\t\t\t<div class=\"elementor-widget-container\">\n\t\t\t\t\t\t\t\t\t<p>7 services propos\u00e9s \u00e0 nos clients, principalement par abonnement :\u00a0<\/p>\t\t\t\t\t\t\t\t<\/div>\n\t\t\t\t<\/div>\n\t\t\t\t<\/div>\n\t\t<div class=\"elementor-element elementor-element-e3210f2 e-con-full e-flex e-con e-child\" data-id=\"e3210f2\" data-element_type=\"container\" data-e-type=\"container\">\n\t\t\t\t<div class=\"elementor-element elementor-element-6f2941e elementor-widget-tablet__width-initial elementor-widget elementor-widget-button\" data-id=\"6f2941e\" data-element_type=\"widget\" data-e-type=\"widget\" data-widget_type=\"button.default\">\n\t\t\t\t<div class=\"elementor-widget-container\">\n\t\t\t\t\t\t\t\t\t<div class=\"elementor-button-wrapper\">\n\t\t\t\t\t<a class=\"elementor-button elementor-button-link elementor-size-sm\" href=\"https:\/\/www.lime-innovation.fr\/index.php\/7-services\/\">\n\t\t\t\t\t\t<span class=\"elementor-button-content-wrapper\">\n\t\t\t\t\t\t\t\t\t<span class=\"elementor-button-text\">Plus d'infos ici<\/span>\n\t\t\t\t\t<\/span>\n\t\t\t\t\t<\/a>\n\t\t\t\t<\/div>\n\t\t\t\t\t\t\t\t<\/div>\n\t\t\t\t<\/div>\n\t\t\t\t<\/div>\n\t\t\t\t\t<\/div>\n\t\t\t\t<\/div>\n\t\t\t\t<\/div>\n\t\t","protected":false},"excerpt":{"rendered":"<p>\u00a0 L&rsquo;INNOVATION, MODE D&rsquo;EMPLOI&#8230; Conseil de direction, \u00e9laboration et mise en oeuvre de votre strat\u00e9gie d&rsquo;innovation\u00a0id\u00e9es, organisation, marketing, innovation \u00a0 Le marketing et l&rsquo;innovation ont \u00e9t\u00e9 accus\u00e9s d\u2019avoir favoris\u00e9 la surconsommation et le gaspillage des ressources en se centrant sur les d\u00e9sirs \u00e9ph\u00e9m\u00e8res des consommateurs du XX\u00e8me si\u00e8cle\u2026&nbsp; Nous d\u00e9fendons depuis plus de vingt ans&hellip;&nbsp;<a href=\"https:\/\/www.lime-innovation.fr\/\" rel=\"bookmark\">Lire la suite &raquo;<span class=\"screen-reader-text\">accueil<\/span><\/a><\/p>\n","protected":false},"author":1,"featured_media":0,"parent":0,"menu_order":0,"comment_status":"closed","ping_status":"closed","template":"","meta":{"content-type":"","neve_meta_sidebar":"","neve_meta_container":"","neve_meta_enable_content_width":"on","neve_meta_content_width":100,"neve_meta_title_alignment":"","neve_meta_author_avatar":"","neve_post_elements_order":"","neve_meta_disable_header":"","neve_meta_disable_footer":"","neve_meta_disable_title":"on","footnotes":""},"class_list":["post-11","page","type-page","status-publish","hentry"],"_links":{"self":[{"href":"https:\/\/www.lime-innovation.fr\/index.php\/wp-json\/wp\/v2\/pages\/11","targetHints":{"allow":["GET"]}}],"collection":[{"href":"https:\/\/www.lime-innovation.fr\/index.php\/wp-json\/wp\/v2\/pages"}],"about":[{"href":"https:\/\/www.lime-innovation.fr\/index.php\/wp-json\/wp\/v2\/types\/page"}],"author":[{"embeddable":true,"href":"https:\/\/www.lime-innovation.fr\/index.php\/wp-json\/wp\/v2\/users\/1"}],"replies":[{"embeddable":true,"href":"https:\/\/www.lime-innovation.fr\/index.php\/wp-json\/wp\/v2\/comments?post=11"}],"version-history":[{"count":39,"href":"https:\/\/www.lime-innovation.fr\/index.php\/wp-json\/wp\/v2\/pages\/11\/revisions"}],"predecessor-version":[{"id":407,"href":"https:\/\/www.lime-innovation.fr\/index.php\/wp-json\/wp\/v2\/pages\/11\/revisions\/407"}],"wp:attachment":[{"href":"https:\/\/www.lime-innovation.fr\/index.php\/wp-json\/wp\/v2\/media?parent=11"}],"curies":[{"name":"wp","href":"https:\/\/api.w.org\/{rel}","templated":true}]}}