{"id":12,"date":"2023-10-19T21:36:47","date_gmt":"2023-10-19T19:36:47","guid":{"rendered":"https:\/\/www.lime-innovation.fr\/?page_id=12"},"modified":"2026-01-22T15:32:19","modified_gmt":"2026-01-22T14:32:19","slug":"a-propos","status":"publish","type":"page","link":"https:\/\/www.lime-innovation.fr\/index.php\/a-propos\/","title":{"rendered":"\u00e0 propos"},"content":{"rendered":"\t\t<div data-elementor-type=\"wp-page\" data-elementor-id=\"12\" class=\"elementor elementor-12\">\n\t\t\t\t<div class=\"elementor-element elementor-element-39b9a6c e-flex e-con-boxed e-con e-parent\" data-id=\"39b9a6c\" data-element_type=\"container\" data-e-type=\"container\">\n\t\t\t\t\t<div class=\"e-con-inner\">\n\t\t\t\t<div class=\"elementor-element elementor-element-78ec1be0 elementor-widget elementor-widget-text-editor\" data-id=\"78ec1be0\" data-element_type=\"widget\" data-e-type=\"widget\" data-widget_type=\"text-editor.default\">\n\t\t\t\t<div class=\"elementor-widget-container\">\n\t\t\t\t\t\t\t\t\t\n<div class=\"wp-block-cover alignfull\" style=\"min-height:300px;aspect-ratio:unset;\"><span aria-hidden=\"true\" class=\"wp-block-cover__background has-nv-site-bg-background-color has-background-dim-100 has-background-dim\"><\/span><div class=\"wp-block-cover__inner-container is-layout-flow wp-block-cover-is-layout-flow\">\n<div class=\"wp-block-group\"><div class=\"wp-block-group__inner-container is-layout-flow wp-block-group-is-layout-flow\">\n<h1 class=\"wp-block-heading has-text-align-left has-neve-text-color-color has-text-color\">\u00e0 propos<\/h1>\n<\/div><\/div>\n<\/div><\/div>\n\n\n\n<div class=\"wp-block-cover alignfull\" style=\"min-height:600px;aspect-ratio:unset;\"><span aria-hidden=\"true\" class=\"wp-block-cover__background has-nv-light-bg-background-color has-background-dim-100 has-background-dim\"><\/span><div class=\"wp-block-cover__inner-container is-layout-flow wp-block-cover-is-layout-flow\">\n<div class=\"wp-block-group\"><div class=\"wp-block-group__inner-container is-layout-flow wp-block-group-is-layout-flow\">\n<div style=\"height:80px\" aria-hidden=\"true\" class=\"wp-block-spacer\"><\/div>\n\n\n\n<div class=\"wp-block-columns are-vertically-aligned-center is-layout-flex wp-container-core-columns-is-layout-9d6595d7 wp-block-columns-is-layout-flex\">\n<div class=\"wp-block-column is-vertically-aligned-center is-layout-flow wp-block-column-is-layout-flow\" style=\"flex-basis:50%\">\n<figure class=\"wp-block-image size-full size-large\"><img fetchpriority=\"high\" decoding=\"async\" width=\"910\" height=\"857\" src=\"https:\/\/www.lime-innovation.fr\/wp-content\/uploads\/2023\/10\/20.png\" alt=\"\" class=\"wp-image-136\" srcset=\"https:\/\/www.lime-innovation.fr\/wp-content\/uploads\/2023\/10\/20.png 910w, https:\/\/www.lime-innovation.fr\/wp-content\/uploads\/2023\/10\/20-600x565.png 600w, https:\/\/www.lime-innovation.fr\/wp-content\/uploads\/2023\/10\/20-300x283.png 300w, https:\/\/www.lime-innovation.fr\/wp-content\/uploads\/2023\/10\/20-768x723.png 768w\" sizes=\"(max-width: 910px) 100vw, 910px\" \/><\/figure>\n<\/div>\n\n\n\n<div class=\"wp-block-column is-vertically-aligned-center is-layout-flow wp-block-column-is-layout-flow\" style=\"flex-basis:50%\">\n<h2 class=\"wp-block-heading has-neve-text-color-color has-text-color\">20 ans en 2023<\/h2>\n\n\n\n<p class=\"has-neve-text-color-color has-text-color has-medium-font-size\">depuis 2003, lime conseille des dirigeants, des responsables innovation, R&amp;D ou marketing\u2026<\/p>\n\n\n\n<p class=\"has-neve-text-color-color has-text-color has-medium-font-size\">lime vous accompagne dans l&rsquo;\u00e9laboration et la mise en oeuvre de votre strat\u00e9gie d&rsquo;innovation : <br>id\u00e9es, organisation, marketing, innovation, plus particuli\u00e8rement dans les secteurs de l&rsquo;alimentaire, des boissons, de l&rsquo;amont agricole<\/p>\n<\/div>\n<\/div>\n\n\n\n<div style=\"height:40px\" aria-hidden=\"true\" class=\"wp-block-spacer\"><\/div>\n<\/div><\/div>\n<\/div><\/div>\n\n\n\n<div class=\"wp-block-cover alignfull\" style=\"min-height:600px;aspect-ratio:unset;\"><span aria-hidden=\"true\" class=\"wp-block-cover__background has-nv-dark-bg-background-color has-background-dim-100 has-background-dim\"><\/span><div class=\"wp-block-cover__inner-container is-layout-flow wp-block-cover-is-layout-flow\">\n<div class=\"wp-block-group\"><div class=\"wp-block-group__inner-container is-layout-flow wp-block-group-is-layout-flow\">\n<div style=\"height:80px\" aria-hidden=\"true\" class=\"wp-block-spacer\"><\/div>\n\n\n\n<div class=\"wp-block-columns are-vertically-aligned-center is-layout-flex wp-container-core-columns-is-layout-9d6595d7 wp-block-columns-is-layout-flex\">\n<div class=\"wp-block-column is-vertically-aligned-center is-layout-flow wp-block-column-is-layout-flow\" style=\"flex-basis:50%\">\n<h2 class=\"wp-block-heading has-nv-text-dark-bg-color has-text-color\">Ce qui nous pousse \u00e0 l&rsquo;excellence, chaque jour<\/h2>\n\n\n\n<p class=\"has-nv-text-dark-bg-color has-text-color\">On recherche dans chaque mission, dans chaque projet les solutions qui fonctionnent. <\/p>\n\n\n\n<p class=\"has-nv-text-dark-bg-color has-text-color\">Nous constatons au quotidien que les entreprises sont tr\u00e8s rationnelles, tr\u00e8s orient\u00e9es vers le court terme, et sont mod\u00e9lis\u00e9es avec des principes semblables de management et sont contraintes par les m\u00eames processus.<\/p>\n\n\n\n<p class=\"has-nv-text-dark-bg-color has-text-color\">Pour elles, le conformisme est de rigueur <br>Elles ont un probl\u00e8me simple, essentiel et vital : retrouver la pleine capacit\u00e9 d\u2019inventer leur avenir.<\/p>\n\n\n\n<p class=\"has-nv-text-dark-bg-color has-text-color\">LIME se donne pour mission de r\u00e9veiller l\u2019enthousiasme des entreprises et des marques, en invitant l\u2019ensemble des collaborateurs \u00e0 identifier collectivement et transversalement de nouvelles initiatives.<\/p>\n\n\n\n<p><\/p>\n\n\n\n<div class=\"wp-block-buttons is-layout-flex wp-block-buttons-is-layout-flex\">\n<div class=\"wp-block-button is-style-primary\"><a class=\"wp-block-button__link wp-element-button\" href=\"https:\/\/calendar.google.com\/calendar\/appointments\/schedules\/AcZssZ1vVz7zJ9pfpPinfG7SislLRXdwbJdK-cLiQMFSuHTZVp-ElR__T9S5GvXSzIX0hjMjCCaUBD6J\" target=\"_blank\" rel=\"noreferrer noopener\">PARLONS-EN<\/a><\/div>\n<\/div>\n\n\n\n<div style=\"height:20px\" aria-hidden=\"true\" class=\"wp-block-spacer\"><\/div>\n<\/div>\n\n\n\n<div class=\"wp-block-column is-vertically-aligned-center is-layout-flow wp-block-column-is-layout-flow\" style=\"flex-basis:50%\">\n<figure class=\"wp-block-image\"><img decoding=\"async\" src=\"https:\/\/www.lime-innovation.fr\/wp-content\/themes\/neve\/assets\/img\/starter-content\/card-02.jpg\" alt=\"\"\/><\/figure>\n<\/div>\n<\/div>\n<\/div><\/div>\n<\/div><\/div>\n\n\n\n<div class=\"wp-block-cover alignfull\" style=\"min-height:980px;aspect-ratio:unset;\"><span aria-hidden=\"true\" class=\"wp-block-cover__background has-nv-light-bg-background-color has-background-dim-100 has-background-dim\"><\/span><div class=\"wp-block-cover__inner-container is-layout-flow wp-block-cover-is-layout-flow\">\n<div class=\"wp-block-group\"><div class=\"wp-block-group__inner-container is-layout-flow wp-block-group-is-layout-flow\">\n<div class=\"wp-block-columns is-layout-flex wp-container-core-columns-is-layout-9d6595d7 wp-block-columns-is-layout-flex\">\n<div class=\"wp-block-column is-layout-flow wp-block-column-is-layout-flow\"><div class=\"wp-block-image is-style-default\">\n<figure class=\"aligncenter size-full\"><img decoding=\"async\" width=\"800\" height=\"800\" src=\"https:\/\/www.lime-innovation.fr\/wp-content\/uploads\/2023\/10\/image-1.jpeg\" alt=\"\" class=\"wp-image-109\" srcset=\"https:\/\/www.lime-innovation.fr\/wp-content\/uploads\/2023\/10\/image-1.jpeg 800w, https:\/\/www.lime-innovation.fr\/wp-content\/uploads\/2023\/10\/image-1-300x300.jpeg 300w, https:\/\/www.lime-innovation.fr\/wp-content\/uploads\/2023\/10\/image-1-100x100.jpeg 100w, https:\/\/www.lime-innovation.fr\/wp-content\/uploads\/2023\/10\/image-1-600x600.jpeg 600w, https:\/\/www.lime-innovation.fr\/wp-content\/uploads\/2023\/10\/image-1-150x150.jpeg 150w, https:\/\/www.lime-innovation.fr\/wp-content\/uploads\/2023\/10\/image-1-768x768.jpeg 768w\" sizes=\"(max-width: 800px) 100vw, 800px\" \/><\/figure>\n<\/div>\n\n\n<div style=\"height:24px\" aria-hidden=\"true\" class=\"wp-block-spacer\"><\/div>\n\n\n\n<h3 class=\"wp-block-heading has-text-align-center has-neve-text-color-color has-text-color\">Ga\u00eblle Jaouen Brayer<\/h3>\n\n\n\n<p class=\"has-text-align-center has-neve-text-color-color has-text-color\">fondatrice et g\u00e9rante<\/p>\n\n\n\n<p class=\"has-text-align-center has-nv-dark-bg-color has-text-color\"><strong>conseil management<\/strong><\/p>\n\n\n\n<ul class=\"wp-block-social-links aligncenter is-layout-flex wp-block-social-links-is-layout-flex\"><li class=\"wp-social-link wp-social-link-linkedin  wp-block-social-link\"><a href=\"https:\/\/www.linkedin.com\/in\/ga\u00eblle-brayer-09a3371\/\" class=\"wp-block-social-link-anchor\"><svg width=\"24\" height=\"24\" viewBox=\"0 0 24 24\" version=\"1.1\" xmlns=\"http:\/\/www.w3.org\/2000\/svg\" aria-hidden=\"true\" focusable=\"false\"><path d=\"M19.7,3H4.3C3.582,3,3,3.582,3,4.3v15.4C3,20.418,3.582,21,4.3,21h15.4c0.718,0,1.3-0.582,1.3-1.3V4.3 C21,3.582,20.418,3,19.7,3z M8.339,18.338H5.667v-8.59h2.672V18.338z M7.004,8.574c-0.857,0-1.549-0.694-1.549-1.548 c0-0.855,0.691-1.548,1.549-1.548c0.854,0,1.547,0.694,1.547,1.548C8.551,7.881,7.858,8.574,7.004,8.574z M18.339,18.338h-2.669 v-4.177c0-0.996-0.017-2.278-1.387-2.278c-1.389,0-1.601,1.086-1.601,2.206v4.249h-2.667v-8.59h2.559v1.174h0.037 c0.356-0.675,1.227-1.387,2.526-1.387c2.703,0,3.203,1.779,3.203,4.092V18.338z\"><\/path><\/svg><span class=\"wp-block-social-link-label screen-reader-text\">LinkedIn<\/span><\/a><\/li><\/ul>\n\n\n\n<div style=\"height:40px\" aria-hidden=\"true\" class=\"wp-block-spacer\"><\/div>\n<\/div>\n<\/div>\n<\/div><\/div>\n<\/div><\/div>\n\t\t\t\t\t\t\t\t<\/div>\n\t\t\t\t<\/div>\n\t\t\t\t\t<\/div>\n\t\t\t\t<\/div>\n\t\t\t\t<\/div>\n\t\t","protected":false},"excerpt":{"rendered":"","protected":false},"author":1,"featured_media":0,"parent":0,"menu_order":0,"comment_status":"closed","ping_status":"closed","template":"","meta":{"content-type":"","neve_meta_sidebar":"","neve_meta_container":"","neve_meta_enable_content_width":"on","neve_meta_content_width":100,"neve_meta_title_alignment":"","neve_meta_author_avatar":"","neve_post_elements_order":"","neve_meta_disable_header":"","neve_meta_disable_footer":"","neve_meta_disable_title":"on","footnotes":""},"class_list":["post-12","page","type-page","status-publish","hentry"],"_links":{"self":[{"href":"https:\/\/www.lime-innovation.fr\/index.php\/wp-json\/wp\/v2\/pages\/12","targetHints":{"allow":["GET"]}}],"collection":[{"href":"https:\/\/www.lime-innovation.fr\/index.php\/wp-json\/wp\/v2\/pages"}],"about":[{"href":"https:\/\/www.lime-innovation.fr\/index.php\/wp-json\/wp\/v2\/types\/page"}],"author":[{"embeddable":true,"href":"https:\/\/www.lime-innovation.fr\/index.php\/wp-json\/wp\/v2\/users\/1"}],"replies":[{"embeddable":true,"href":"https:\/\/www.lime-innovation.fr\/index.php\/wp-json\/wp\/v2\/comments?post=12"}],"version-history":[{"count":30,"href":"https:\/\/www.lime-innovation.fr\/index.php\/wp-json\/wp\/v2\/pages\/12\/revisions"}],"predecessor-version":[{"id":443,"href":"https:\/\/www.lime-innovation.fr\/index.php\/wp-json\/wp\/v2\/pages\/12\/revisions\/443"}],"wp:attachment":[{"href":"https:\/\/www.lime-innovation.fr\/index.php\/wp-json\/wp\/v2\/media?parent=12"}],"curies":[{"name":"wp","href":"https:\/\/api.w.org\/{rel}","templated":true}]}}