{"id":15,"date":"2023-10-19T21:36:48","date_gmt":"2023-10-19T19:36:48","guid":{"rendered":"https:\/\/www.lime-innovation.fr\/?page_id=15"},"modified":"2025-02-24T19:48:04","modified_gmt":"2025-02-24T18:48:04","slug":"7-services","status":"publish","type":"page","link":"https:\/\/www.lime-innovation.fr\/index.php\/7-services\/","title":{"rendered":"nos 7 activit\u00e9s"},"content":{"rendered":"\t\t<div data-elementor-type=\"wp-page\" data-elementor-id=\"15\" class=\"elementor elementor-15\">\n\t\t\t\t<div class=\"elementor-element elementor-element-804b25a e-flex e-con-boxed e-con e-parent\" data-id=\"804b25a\" data-element_type=\"container\" data-e-type=\"container\">\n\t\t\t\t\t<div class=\"e-con-inner\">\n\t\t\t\t<div class=\"elementor-element elementor-element-7de112f elementor-widget elementor-widget-heading\" data-id=\"7de112f\" data-element_type=\"widget\" data-e-type=\"widget\" data-widget_type=\"heading.default\">\n\t\t\t\t<div class=\"elementor-widget-container\">\n\t\t\t\t\t<h2 class=\"elementor-heading-title elementor-size-default\">7 services sous forme d\u2019abonnement<\/h2>\t\t\t\t<\/div>\n\t\t\t\t<\/div>\n\t\t\t\t\t<\/div>\n\t\t\t\t<\/div>\n\t\t<div class=\"elementor-element elementor-element-4847178 e-flex e-con-boxed e-con e-parent\" data-id=\"4847178\" data-element_type=\"container\" data-e-type=\"container\">\n\t\t\t\t\t<div class=\"e-con-inner\">\n\t\t\t\t<div class=\"elementor-element elementor-element-20db69f elementor-widget-divider--view-line elementor-widget elementor-widget-divider\" data-id=\"20db69f\" data-element_type=\"widget\" data-e-type=\"widget\" data-widget_type=\"divider.default\">\n\t\t\t\t<div class=\"elementor-widget-container\">\n\t\t\t\t\t\t\t<div class=\"elementor-divider\">\n\t\t\t<span class=\"elementor-divider-separator\">\n\t\t\t\t\t\t<\/span>\n\t\t<\/div>\n\t\t\t\t\t\t<\/div>\n\t\t\t\t<\/div>\n\t\t\t\t\t<\/div>\n\t\t\t\t<\/div>\n\t\t<div class=\"elementor-element elementor-element-a2458ea e-flex e-con-boxed e-con e-parent\" data-id=\"a2458ea\" data-element_type=\"container\" data-e-type=\"container\">\n\t\t\t\t\t<div class=\"e-con-inner\">\n\t\t\t\t<div class=\"elementor-element elementor-element-d9baa18 elementor-widget elementor-widget-text-editor\" data-id=\"d9baa18\" data-element_type=\"widget\" data-e-type=\"widget\" data-widget_type=\"text-editor.default\">\n\t\t\t\t<div class=\"elementor-widget-container\">\n\t\t\t\t\t\t\t\t\t<p>1. <strong>Abonnement de veille sur un secteur particulier<\/strong><\/p>\n<p><strong>Objectif<\/strong> : vous offrir un flux d\u2019informations et d\u2019analyses dans un secteur \u00e0 d\u00e9finir, g\u00e9rer les insights march\u00e9<br \/>Services inclus :<br \/>\u2013 ateliers p\u00e9riodiques avec l\u2019entreprise pour d\u00e9crypter les tendances et leurs impacts<br \/>\u2013 acc\u00e8s \u00e0 une <strong>plateforme de veille personnalis\u00e9e<\/strong> (tendances march\u00e9, innovations, brevets, r\u00e9glementations), d\u00e9velopp\u00e9e sur Notion<br \/>\u2013 rapports r\u00e9guliers sur telle ou telle <strong>nouvelle technologie et les acteurs \u00e9mergents<\/strong>.<br \/>\u2013 alertes strat\u00e9giques sur les \u00e9volutions r\u00e9glementaires et normatives dans le domaine<\/p>\n<p>2. <strong>Accompagnement des responsables de l\u2019innovation<\/strong><\/p>\n<p><strong>Objectif<\/strong> : offrir un support strat\u00e9gique et op\u00e9rationnel sur le long terme<br \/>Services inclus :<br \/>\u2013 animation de <strong>comit\u00e9s d\u2019innovation<\/strong> (id\u00e9es, s\u00e9lection de projets, orientations strat\u00e9giques)<br \/>\u2013 <strong>coaching<\/strong> de responsable R&amp;D ou marketing<br \/>\u2013 conseil en <strong>gestion de portefeuille d\u2019innovations<\/strong> (priorisation, budget, go\/no go, KPIs)<br \/>\u2013 acc\u00e8s \u00e0 un consultant d\u00e9di\u00e9 sur un certain nombre de jours par mois<\/p>\n<p>3. <strong>Gestion externalis\u00e9e des financements de l\u2019innovation<\/strong><\/p>\n<p><strong>Objectif<\/strong> : maximiser les aides et cr\u00e9dits d\u2019imp\u00f4t<br \/>Services inclus :<br \/>&#8211; prise en charge des<strong> dossiers de Cr\u00e9dit Imp\u00f4t Recherche<\/strong><br \/>&#8211; gestion des <strong>demandes de financements<\/strong> Bpifrance, France 2030, Horizon Europe<\/p>\n<p>4. <strong>Formation et mont\u00e9e en comp\u00e9tences<\/strong><\/p>\n<p><strong>Objectif<\/strong> : d\u00e9velopper l\u2019expertise des clients sur l\u2019innovation<br \/>Services inclus :<br \/>&#8211; formations en intra sur l\u2019<strong>innovation<\/strong><br \/>&#8211; formations en inter en visioconf\u00e9rence (voir <a href=\"https:\/\/lime-innovation.com\/\" target=\"_blank\" rel=\"noopener\">lime-innovation.com<\/a>)<br \/>&#8211; certifications sur les <strong>m\u00e9thodes d\u2019innovation et management de la R&amp;D<\/strong><br \/>&#8211; acc\u00e8s \u00e0 une <strong>plateforme e-learning<\/strong> avec des contenus sp\u00e9cialis\u00e9s (type talentlms)<\/p>\n<p><span style=\"font-family: var( --e-global-typography-text-font-family ), Sans-serif; text-align: var(--text-align); font-size: var(--bodyfontsize); letter-spacing: var(--bodyletterspacing); text-transform: var(--bodytexttransform);\">5. <strong>Acc\u00e8s \u00e0 un \u00e9cosyst\u00e8me en r\u00e9seau<\/strong><\/span><\/p>\n<p><strong>Objectif<\/strong> : offrir un acc\u00e8s privil\u00e9gi\u00e9 \u00e0 un r\u00e9seau d\u2019innovation et d\u2019experts<br \/>Services inclus :<br \/>&#8211; mise en relation avec des <strong>startups, investisseurs, laboratoires de recherche, experts<\/strong><br \/>&#8211; organisation d\u2019<strong>hackathons ou de challenges d\u2019innovation<\/strong><br \/>&#8211; acc\u00e8s \u00e0 des <strong>clubs d\u2019innovation et \u00e9v\u00e9nements exclusifs<\/strong><\/p>\n<p><span style=\"font-family: var( --e-global-typography-text-font-family ), Sans-serif; text-align: var(--text-align); font-size: var(--bodyfontsize); letter-spacing: var(--bodyletterspacing); text-transform: var(--bodytexttransform);\">6. <strong>\u00c9tudes et tests<\/strong><\/span><\/p>\n<p><strong>Objectif<\/strong> : offrir des opportunit\u00e9s de r\u00e9aliser tests et \u00e9tudes pour d\u00e9cider, comprendre<br \/><span style=\"font-family: var( --e-global-typography-text-font-family ), Sans-serif; text-align: var(--text-align); font-size: var(--bodyfontsize); letter-spacing: var(--bodyletterspacing); text-transform: var(--bodytexttransform);\">Services inclus :<br \/><\/span>&#8211; tests organoleptiques, analyses sensorielles<br \/>&#8211; tests de concept, \u00e9tudes d\u2019acceptabilit\u00e9 prix<br \/>&#8211; animation de groupe, \u00e9tudes qualitatives<br \/>&#8211; \u00e9tudes quantitatives auto-administr\u00e9es par Internet<\/p>\n<p><span style=\"font-family: var( --e-global-typography-text-font-family ), Sans-serif; text-align: var(--text-align); font-size: var(--bodyfontsize); letter-spacing: var(--bodyletterspacing); text-transform: var(--bodytexttransform);\">7. <strong>Animation, r\u00e9solution de probl\u00e8mes<\/strong><\/span><\/p>\n<p>Objectif : co-animer les r\u00e9unions des clients, organiser diverses r\u00e9unions<br \/>Services inclus :<br \/>&#8211; participation \u00e0 des r\u00e9unions commerciales, sensibilisation \u00e0 l\u2019innovation<br \/>&#8211; organisation de conf\u00e9rences, d\u2019\u00e9v\u00e8nements<br \/>&#8211; ateliers de r\u00e9solution de probl\u00e8mes<br \/>&#8211; animation d\u2019ateliers de design thinking<br \/>&#8211; organisation de sessions de cr\u00e9ativit\u00e9<\/p>\n<p>\u00a0<\/p>\t\t\t\t\t\t\t\t<\/div>\n\t\t\t\t<\/div>\n\t\t\t\t\t<\/div>\n\t\t\t\t<\/div>\n\t\t\t\t<\/div>\n\t\t","protected":false},"excerpt":{"rendered":"<p>7 services sous forme d\u2019abonnement 1. Abonnement de veille sur un secteur particulier Objectif : vous offrir un flux d\u2019informations et d\u2019analyses dans un secteur \u00e0 d\u00e9finir, g\u00e9rer les insights march\u00e9Services inclus :\u2013 ateliers p\u00e9riodiques avec l\u2019entreprise pour d\u00e9crypter les tendances et leurs impacts\u2013 acc\u00e8s \u00e0 une plateforme de veille personnalis\u00e9e (tendances march\u00e9, innovations, brevets,&hellip;&nbsp;<a href=\"https:\/\/www.lime-innovation.fr\/index.php\/7-services\/\" rel=\"bookmark\">Lire la suite &raquo;<span class=\"screen-reader-text\">nos 7 activit\u00e9s<\/span><\/a><\/p>\n","protected":false},"author":1,"featured_media":0,"parent":0,"menu_order":0,"comment_status":"closed","ping_status":"closed","template":"","meta":{"content-type":"","neve_meta_sidebar":"","neve_meta_container":"","neve_meta_enable_content_width":"on","neve_meta_content_width":100,"neve_meta_title_alignment":"","neve_meta_author_avatar":"","neve_post_elements_order":"","neve_meta_disable_header":"","neve_meta_disable_footer":"","neve_meta_disable_title":"on","footnotes":""},"class_list":["post-15","page","type-page","status-publish","hentry"],"_links":{"self":[{"href":"https:\/\/www.lime-innovation.fr\/index.php\/wp-json\/wp\/v2\/pages\/15","targetHints":{"allow":["GET"]}}],"collection":[{"href":"https:\/\/www.lime-innovation.fr\/index.php\/wp-json\/wp\/v2\/pages"}],"about":[{"href":"https:\/\/www.lime-innovation.fr\/index.php\/wp-json\/wp\/v2\/types\/page"}],"author":[{"embeddable":true,"href":"https:\/\/www.lime-innovation.fr\/index.php\/wp-json\/wp\/v2\/users\/1"}],"replies":[{"embeddable":true,"href":"https:\/\/www.lime-innovation.fr\/index.php\/wp-json\/wp\/v2\/comments?post=15"}],"version-history":[{"count":37,"href":"https:\/\/www.lime-innovation.fr\/index.php\/wp-json\/wp\/v2\/pages\/15\/revisions"}],"predecessor-version":[{"id":404,"href":"https:\/\/www.lime-innovation.fr\/index.php\/wp-json\/wp\/v2\/pages\/15\/revisions\/404"}],"wp:attachment":[{"href":"https:\/\/www.lime-innovation.fr\/index.php\/wp-json\/wp\/v2\/media?parent=15"}],"curies":[{"name":"wp","href":"https:\/\/api.w.org\/{rel}","templated":true}]}}